{"id":6676,"date":"2025-12-04T00:05:33","date_gmt":"2025-12-04T05:05:33","guid":{"rendered":"https:\/\/mare.lizardpublicidad.com\/?page_id=6676"},"modified":"2025-12-30T04:47:11","modified_gmt":"2025-12-30T09:47:11","slug":"terminos-y-condiciones","status":"publish","type":"page","link":"https:\/\/marecusco.com\/en\/terminos-y-condiciones\/","title":{"rendered":"Terms and Conditions"},"content":{"rendered":"<h4 class=\"wp-block-heading\">1. GENERAL CONDITIONS AND THEIR ACCEPTANCE<\/h4>\n\n\n\n<p>The following are the General Terms and Conditions of Use that govern the use of information in digital format applicable to the products and services offered.\u00a0<strong><strong><strong>PROYECTO<\/strong> <strong>MARE SAM<\/strong> S.A.C.<\/strong><\/strong>, identified with RUC. N\u00b0 20614032617, with address in <a href=\"https:\/\/maps.app.goo.gl\/zjN2DM4kqERPkxGz9\">Calle Heladeros 167, Cusco &#8211; Per\u00fa<\/a>, for those people (hereinafter\u00a0<strong>THE USER<\/strong>), who make use of the following website and which will be referred to as the Site: <a href=\"https:\/\/marecusco.com\/en\/\">https:\/\/marecusco.com<\/a><\/p>\n\n\n\n<div style=\"height:20px\" aria-hidden=\"true\" class=\"wp-block-spacer\"><\/div>\n\n\n\n<p>Similarly, the General Terms and Conditions of Use apply to the links contained on the Site(s) such as HOME, ABOUT US, OUR CHEF, MENU, RESERVATIONS\/BOOKINGS, and CONTACT US (hereinafter, the \u201cLinks\u201d) owned <strong><strong><strong>PROYECTO<\/strong> <strong>MARE SAM<\/strong><\/strong><\/strong>.<\/p>\n\n\n\n<div style=\"height:20px\" aria-hidden=\"true\" class=\"wp-block-spacer\"><\/div>\n\n\n\n<p>The USER must read, understand and accept all the conditions established in the General Terms and Conditions and in the Privacy Policies, as well as in the other documents incorporated therein by reference, prior to registering as a User of <strong><strong><strong>PROYECTO<\/strong> <strong>MARE SAM<\/strong><\/strong><\/strong>.<\/p>\n\n\n\n<div style=\"height:20px\" aria-hidden=\"true\" class=\"wp-block-spacer\"><\/div>\n\n\n\n<p>Use of the Site and the Links confers the status of USER and implies full and unreserved acceptance of each and every one of the General Terms and Conditions of Use, from the very moment of accessing the Site and the Links. Consequently, the act of using the Site and the Links constitutes acceptance of these terms of use.<\/p>\n\n\n\n<div style=\"height:20px\" aria-hidden=\"true\" class=\"wp-block-spacer\"><\/div>\n\n\n\n<p>Likewise, the use of certain services offered to the USER through the Links is subject to its own specific conditions which, as the case may be, replace, complete and\/or modify the General Conditions (hereinafter the Specific Conditions), so their use constitutes acceptance of the specific conditions.<\/p>\n\n\n\n<div style=\"height:20px\" aria-hidden=\"true\" class=\"wp-block-spacer\"><\/div>\n\n\n\n<p>These terms and conditions constitute a complete agreement between THE USER and <strong><strong><strong>PROYECTO<\/strong> <strong>MARE SAM<\/strong><\/strong><\/strong> regarding the use of the Site and the Links, and prevails over and replaces all other communications, agreements, or proposals, whether oral or written, between THE USER and <strong><strong><strong>PROYECTO<\/strong> <strong>MARE SAM<\/strong><\/strong><\/strong> solely regarding the matter at hand.<\/p>\n\n\n\n<div style=\"height:20px\" aria-hidden=\"true\" class=\"wp-block-spacer\"><\/div>\n\n\n\n<p><strong><strong><strong>PROYECTO<\/strong> <strong>MARE SAM<\/strong><\/strong><\/strong> The right is reserved to modify these General Terms and Conditions of Use at any time, notifying THE USER of the new version with the modifications inserted by publishing it in the Application, and acceptance of these will be presumed if the USER continues to use the service.<\/p>\n\n\n\n<div style=\"height:20px\" aria-hidden=\"true\" class=\"wp-block-spacer\"><\/div>\n\n\n\n<h4 class=\"wp-block-heading\"><strong>2 OBJECT<\/strong><\/h4>\n\n\n\n<p>Through the Sites and\/or Links, <strong><strong><strong>PROYECTO<\/strong> <strong>MARE SAM<\/strong><\/strong><\/strong> It facilitates the USER's access to and use of various products, services, and content made available to them by <strong><strong><strong>PROYECTO<\/strong> <strong>MARE SAM<\/strong><\/strong><\/strong>, or by third-party users of the Site and the Links and\/or third-party providers of services and content.<\/p>\n\n\n\n<div style=\"height:20px\" aria-hidden=\"true\" class=\"wp-block-spacer\"><\/div>\n\n\n\n<p><strong><strong><strong>PROYECTO<\/strong> <strong>MARE SAM<\/strong><\/strong><\/strong> reserves the right to unilaterally terminate or modify the configuration, presentation and conditions of use of the Sites and their Links or their services.<\/p>\n\n\n\n<div style=\"height:20px\" aria-hidden=\"true\" class=\"wp-block-spacer\"><\/div>\n\n\n\n<h4 class=\"wp-block-heading\"><strong>3. CONDITIONS OF ACCESS AND USE OF THE SITE AND LINKS<\/strong><\/h4>\n\n\n\n<p>3.1 Regarding Access and Use The Site is for personal use, therefore THE USER is not authorized to modify, copy, distribute, disclose, transmit, use, reproduce, publish, assign, sell the information, software, products or services that he\/she may obtain from the Site and its Links.<\/p>\n\n\n\n<div style=\"height:20px\" aria-hidden=\"true\" class=\"wp-block-spacer\"><\/div>\n\n\n\n<p>It is mandatory to complete the registration form in all fields with valid data in order to use the services provided <strong><strong><strong>PROYECTO<\/strong> <strong>MARE SAM<\/strong><\/strong><\/strong>The USER must complete it with their personal information in an accurate, precise and truthful manner (\"Personal Data\") and undertakes to update the Personal Data as necessary.<\/p>\n\n\n\n<div style=\"height:20px\" aria-hidden=\"true\" class=\"wp-block-spacer\"><\/div>\n\n\n\n<p>The USER agrees to use each of the Sites and Links and services in accordance with the law, morality and good customs.<\/p>\n\n\n\n<p>The USER agrees to make proper and lawful use of each of the Sites and their Links in accordance with applicable law. The USER shall refrain from (i) making unauthorized or fraudulent use of the Links; (ii) accessing or attempting to access restricted resources of the Application; (iii) using the Sites and\/or their Links for illicit, illegal, or harmful purposes or effects, or in any way that may damage, disable, overload, or impede the normal use of the Sites and the Links; (iv) causing damage to the Sites and\/or the Links; (v) introducing or spreading computer viruses or any other physical or logical systems that may cause damage; (vi) attempting to access, use, and\/or manipulate the data of <strong><strong><strong>PROYECTO<\/strong> <strong>MARE SAM<\/strong><\/strong><\/strong>; (vii) reproduce or copy, link, distribute, allow public access through any means of public communication, transform or modify the content collected from the Sites and\/or Links, unless authorized by the rights holder or legally permitted; (viii) obtain or attempt to obtain the content and data provided by <strong><strong><strong>PROYECTO<\/strong> <strong>MARE SAM<\/strong><\/strong><\/strong> using means or procedures other than those made available to them for this purpose.<\/p>\n\n\n\n<div style=\"height:20px\" aria-hidden=\"true\" class=\"wp-block-spacer\"><\/div>\n\n\n\n<p>3.2 Requirements for using the RESERVATIONS\/RESERVATIONS Application. The USER agrees to be of legal age. The USER declares to be fully capable and competent to accept the terms and conditions, obligations, affirmations, representations, and warranties established in these Terms and Conditions, and to abide by and comply with the provisions herein.<\/p>\n\n\n\n<div style=\"height:20px\" aria-hidden=\"true\" class=\"wp-block-spacer\"><\/div>\n\n\n\n<p>It is important to clarify that the use of the Links will not require the creation of a User Account and Password by the USER, because the purpose of the Links is to transfer your information to the responsible areas so that they can answer your queries and contact you about the reservations you have made for the restaurants owned by <strong><strong><strong>PROYECTO<\/strong> <strong>MARE SAM<\/strong><\/strong><\/strong>. However, THE USER acknowledges and accepts that, in order to make a reservation, in addition to filling in some personal data requested by <strong><strong><strong>PROYECTO<\/strong> <strong>MARE SAM<\/strong><\/strong><\/strong>.<\/p>\n\n\n\n<div style=\"height:20px\" aria-hidden=\"true\" class=\"wp-block-spacer\"><\/div>\n\n\n\n<p>3.3 Intellectual Property The intellectual property rights relating to the products, services, content, distinctive signs of the Site and the Links; as well as the rights of use and exploitation thereof, including their disclosure, publication, reproduction, distribution and transformation are the exclusive property of <strong><strong><strong>PROYECTO<\/strong> <strong>MARE SAM<\/strong><\/strong><\/strong>. The transfer of intellectual property rights to the Site and the Links is expressly prohibited. Specifically, the reproduction, transformation, distribution, public communication, making available, extraction, reuse, or use of any kind, by any means or procedure, of any of them is prohibited, except in cases where authorized by the holder of the corresponding rights. The unauthorized use of the information contained on the Site and the Links, its resale, as well as the infringement of the Intellectual Property rights of <strong><strong><strong>PROYECTO<\/strong> <strong>MARE SAM<\/strong><\/strong><\/strong> will give rise to the legally established liabilities.<\/p>\n\n\n\n<div style=\"height:20px\" aria-hidden=\"true\" class=\"wp-block-spacer\"><\/div>\n\n\n\n<p>The USER does not acquire any rights by simply using the services and content of the Site and the Links; and at no time will such use be considered as an authorization and\/or license for the use of these for purposes other than those contemplated in these Terms and Conditions of Use.<\/p>\n\n\n\n<div style=\"height:20px\" aria-hidden=\"true\" class=\"wp-block-spacer\"><\/div>\n\n\n\n<p>3.4 Third-Party Intellectual Property THE USER agrees that the provisions established in the previous paragraph, regarding the ownership of the rights of <strong><strong><strong>PROYECTO<\/strong> <strong>MARE SAM<\/strong><\/strong><\/strong>, These terms also apply to the rights of third parties, with respect to the services and content of the pages linked to the Sites and\/or the Links.<\/p>\n\n\n\n<div style=\"height:20px\" aria-hidden=\"true\" class=\"wp-block-spacer\"><\/div>\n\n\n\n<p>3.5 Hyperlinks The Sites may contain links to other internet sites maintained by third parties. The hyperlink will only allow access from the Sites to the web pages of said third parties, but may not reproduce them in any way. In that sense, <strong><strong><strong>PROYECTO<\/strong> <strong>MARE SAM<\/strong><\/strong><\/strong> We have no control over such websites and will not be responsible for their content, materials, actions, and\/or services, nor for any damages or losses caused by their use, whether directly or indirectly. The presence of links to other websites does not imply any partnership, relationship, approval, or endorsement. <strong><strong><strong>PROYECTO<\/strong> <strong>MARE SAM<\/strong><\/strong><\/strong> to said sites and their content. All third-party links to the web pages of <strong><strong><strong>PROYECTO<\/strong> <strong>MARE SAM<\/strong><\/strong><\/strong> It should be on your home or entry page.<\/p>\n\n\n\n<div style=\"height:20px\" aria-hidden=\"true\" class=\"wp-block-spacer\"><\/div>\n\n\n\n<p>Furthermore, the User accepts and agrees that <strong><strong><strong>PROYECTO<\/strong> <strong>MARE SAM<\/strong><\/strong><\/strong> will not be responsible or liable, directly or indirectly, for any damage or loss caused by, or in connection with, the use of or reliance on any content, goods, or services available via any Hyperlink.<\/p>\n\n\n\n<div style=\"height:20px\" aria-hidden=\"true\" class=\"wp-block-spacer\"><\/div>\n\n\n\n<p>3.6 Information Privacy To use the products and services offered by <strong><strong><strong>PROYECTO<\/strong> <strong>MARE SAM<\/strong><\/strong><\/strong>, The USER must provide certain personal data for the corresponding Registration. Your personal information is processed and stored on servers that maintain physical and technological security and protection standards, in accordance with the Personal Data Protection Law. For more information, you can consult the Privacy Policy at the following link:<a href=\"https:\/\/marecusco.com\/en\/politica-de-privacidad\/\">https:\/\/marecusco.com\/politica-de-privacidad\/<\/a>.<\/p>\n\n\n\n<div style=\"height:20px\" aria-hidden=\"true\" class=\"wp-block-spacer\"><\/div>\n\n\n\n<p>When registering on the Sites and\/or Links, the USER's personal data is requested, such as name and surname, address, email, telephone number, etc., in order to best handle queries and complaints, which are directed to the corresponding areas of <strong><strong><strong>PROYECTO<\/strong> <strong>MARE SAM<\/strong><\/strong><\/strong>, as well as offering current or future products and\/or services and processing registration for electronic newsletters, questionnaires, surveys, etc.<\/p>\n\n\n\n<div style=\"height:20px\" aria-hidden=\"true\" class=\"wp-block-spacer\"><\/div>\n\n\n\n<p>Under no circumstances will any information be provided from the Site(s) and Links <strong><strong><strong>PROYECTO<\/strong> <strong>MARE SAM<\/strong><\/strong><\/strong>, informaci\u00f3n a terceros que identifique al USUARIO sin una autorizaci\u00f3n de \u00e9ste. <strong><strong><strong>PROYECTO<\/strong> <strong>MARE SAM<\/strong><\/strong><\/strong> We guarantee the confidentiality of the personal data requested through the Sites, as well as the implementation of technical and organizational measures to ensure the security of said data. For more information on the processing of your personal data, the USER should consult the Privacy Policy corresponding to the Sites and\/or the Links.<\/p>\n\n\n\n<div style=\"height:20px\" aria-hidden=\"true\" class=\"wp-block-spacer\"><\/div>\n\n\n\n<p>3.7 Responsibility <strong><strong><strong>PROYECTO<\/strong> <strong>MARE SAM<\/strong><\/strong><\/strong> undertakes to maintain the uninterrupted operation and availability of the services of <strong><strong><strong>PROYECTO<\/strong> <strong>MARE SAM<\/strong><\/strong><\/strong> on the Sites, as well as to make their best efforts to minimize errors in any transmission of information that may occur. However, due to the very nature of the Internet, it is not possible to guarantee that the aforementioned events will not occur. Furthermore, your access to the services of <strong><strong><strong>PROYECTO<\/strong> <strong>MARE SAM<\/strong><\/strong><\/strong> pudiera ocasionalmente verse suspendido o restringido a efectos de la realizaci\u00f3n de trabajos de reparaci\u00f3n o mantenimiento, o la introducci\u00f3n de nuevos productos o servicios, procurando limitar la frecuencia y duraci\u00f3n de tales suspensiones o restricciones.<\/p>\n\n\n\n<div style=\"height:20px\" aria-hidden=\"true\" class=\"wp-block-spacer\"><\/div>\n\n\n\n<p>3.8 System failures <strong><strong><strong>PROYECTO<\/strong> <strong>MARE SAM<\/strong><\/strong><\/strong> is not responsible for any damage, harm or loss suffered by THE USER caused by failures in the system, the server or the Internet service. <strong><strong><strong>PROYECTO<\/strong> <strong>MARE SAM<\/strong><\/strong><\/strong> Nor will it be liable for any virus that may infect the user's computer as a result of accessing, using, or browsing any of its websites or as a result of any transfer of data, files, images, text, or audio contained therein. The user may not hold it liable. <strong><strong><strong>PROYECTO<\/strong> <strong>MARE SAM<\/strong><\/strong><\/strong> no liability whatsoever nor demand payment for consequential damages, lost profits, by virtue of damages resulting from technical difficulties or failures in the systems or in the Internet service. <strong><strong><strong>PROYECTO<\/strong> <strong>MARE SAM<\/strong><\/strong><\/strong> will not be liable for any errors or omissions contained on any of its Sites as a result of the aforementioned failures.<\/p>\n\n\n\n<div style=\"height:20px\" aria-hidden=\"true\" class=\"wp-block-spacer\"><\/div>\n\n\n\n<h4 class=\"wp-block-heading\"><strong>4 MISCELLANEOUS<\/strong><\/h4>\n\n\n\n<p>4.1 Governing Law This agreement shall be governed by and construed in accordance with the laws of Peru, without giving effect to any principles of conflicts of law. If any provision of these Terms and Conditions of Use is declared illegal, void, or for any reason unenforceable, it shall be interpreted within the framework of these Terms and Conditions and shall not affect the validity and enforceability of the remaining provisions.<\/p>\n\n\n\n<div style=\"height:20px\" aria-hidden=\"true\" class=\"wp-block-spacer\"><\/div>\n\n\n\n<p>4.2 Notifications Any comments, concerns, or complaints regarding the foregoing Terms and Conditions of Use, or the execution of any of them, must be notified in writing to the following address:&nbsp;<a href=\"mailto:reservas@marecusco.com\" target=\"_blank\" rel=\"noreferrer noopener\">reservas@marecusco.com<\/a><\/p>\n\n\n\n<div style=\"height:20px\" aria-hidden=\"true\" class=\"wp-block-spacer\"><\/div>\n\n\n\n<p>4.3 Jurisdiction <strong><strong><strong>PROYECTO<\/strong> <strong>MARE SAM<\/strong><\/strong><\/strong> It is headquartered in the city of Lima, Peru. All legal matters arising from or related to the Site or the Application shall be governed by and subject to Peruvian law. The USER agrees to submit to the jurisdiction of the courts of the Lima Cercado judicial district in any legal proceeding or action.<\/p>\n\n\n\n<div style=\"height:90px\" aria-hidden=\"true\" class=\"wp-block-spacer\"><\/div>\n\n\n\n<p><\/p>","protected":false},"excerpt":{"rendered":"<p>1 CONDICIONES GENERALES Y SU ACEPTACION Los siguientes son los T\u00e9rminos y Condiciones Generales de Uso que regulan el uso de la informaci\u00f3n en formato digital aplicables a los productos y servicios ofrecidos\u00a0PROYECTO MARE SAM S.A.C., identificada con RUC. N\u00b0 20614032617, con domicilio en Calle Heladeros 167, Cusco &#8211; Per\u00fa, para aquellas personas (en adelante\u00a0EL USUARIO), que realizan el uso de la siguiente p\u00e1gina web&#8230;<\/p>","protected":false},"author":1,"featured_media":6870,"parent":0,"menu_order":0,"comment_status":"closed","ping_status":"closed","template":"","meta":{"inline_featured_image":false,"footnotes":""},"class_list":["post-6676","page","type-page","status-publish","has-post-thumbnail","hentry"],"aioseo_notices":[],"_links":{"self":[{"href":"https:\/\/marecusco.com\/en\/wp-json\/wp\/v2\/pages\/6676","targetHints":{"allow":["GET"]}}],"collection":[{"href":"https:\/\/marecusco.com\/en\/wp-json\/wp\/v2\/pages"}],"about":[{"href":"https:\/\/marecusco.com\/en\/wp-json\/wp\/v2\/types\/page"}],"author":[{"embeddable":true,"href":"https:\/\/marecusco.com\/en\/wp-json\/wp\/v2\/users\/1"}],"replies":[{"embeddable":true,"href":"https:\/\/marecusco.com\/en\/wp-json\/wp\/v2\/comments?post=6676"}],"version-history":[{"count":12,"href":"https:\/\/marecusco.com\/en\/wp-json\/wp\/v2\/pages\/6676\/revisions"}],"predecessor-version":[{"id":6700,"href":"https:\/\/marecusco.com\/en\/wp-json\/wp\/v2\/pages\/6676\/revisions\/6700"}],"wp:featuredmedia":[{"embeddable":true,"href":"https:\/\/marecusco.com\/en\/wp-json\/wp\/v2\/media\/6870"}],"wp:attachment":[{"href":"https:\/\/marecusco.com\/en\/wp-json\/wp\/v2\/media?parent=6676"}],"curies":[{"name":"wp","href":"https:\/\/api.w.org\/{rel}","templated":true}]}}