{"id":5668,"date":"2025-10-15T03:16:52","date_gmt":"2025-10-15T08:16:52","guid":{"rendered":"https:\/\/mare.lizardpublicidad.com\/?page_id=5668"},"modified":"2026-03-11T17:09:53","modified_gmt":"2026-03-11T22:09:53","slug":"inicio","status":"publish","type":"page","link":"https:\/\/marecusco.com\/en\/","title":{"rendered":"Home"},"content":{"rendered":"\t\t<div data-elementor-type=\"wp-page\" data-elementor-id=\"5668\" class=\"elementor elementor-5668\">\n\t\t\t\t<div class=\"elementor-element elementor-element-396cd0b e-con-full e-flex parallax_section_no qode_elementor_container_no e-con e-parent\" data-id=\"396cd0b\" data-element_type=\"container\" data-e-type=\"container\">\n\t\t\t\t<div class=\"elementor-element elementor-element-856e6d0 elementor-widget elementor-widget-slider_revolution\" data-id=\"856e6d0\" data-element_type=\"widget\" data-e-type=\"widget\" data-widget_type=\"slider_revolution.default\">\n\t\t\t\t<div class=\"elementor-widget-container\">\n\t\t\t\t\t\n\t\t<div class=\"wp-block-themepunch-revslider\">\n\t\t\t\t<p class=\"rs-p-wp-fix\"><\/p>\n\t\t\t\t<sr7-module data-alias=\"main-home1\" data-id=\"3\" id=\"SR7_3_1\" class=\"rs-ov-hidden\" data-version=\"6.7.40\">\n\t\t\t\t\t<sr7-adjuster><\/sr7-adjuster>\n\t\t\t\t\t<sr7-content>\n\t\t\t\t\t\t<sr7-slide id=\"SR7_3_1-11\" data-key=\"11\">\n\t\t\t\t\t\t\t<sr7-bg id=\"SR7_3_1-11-1\" class=\"sr7-layer\"><noscript><img decoding=\"async\" src=\"https:\/\/marecusco.com\/wp-content\/uploads\/2025\/10\/Mare-Banner-Web-01.jpg\" alt=\"\" title=\"Mare-Banner-Web-01\"><\/noscript><\/sr7-bg>\n\t\t\t\t\t\t<\/sr7-slide>\n\t\t\t\t\t\t<sr7-slide id=\"SR7_3_1-12\" data-key=\"12\">\n\t\t\t\t\t\t\t<sr7-bg id=\"SR7_3_1-12-1\" class=\"sr7-layer\"><noscript><img decoding=\"async\" src=\"https:\/\/marecusco.com\/wp-content\/uploads\/2025\/10\/Mare-Banner-Web-02.jpg\" alt=\"\" title=\"Mare-Banner-Web-02\"><\/noscript><\/sr7-bg>\n\t\t\t\t\t\t<\/sr7-slide>\n\t\t\t\t\t\t<sr7-slide id=\"SR7_3_1-32\" data-key=\"32\">\n\t\t\t\t\t\t\t<sr7-bg id=\"SR7_3_1-32-1\" class=\"sr7-layer\"><noscript><img decoding=\"async\" src=\"https:\/\/marecusco.com\/wp-content\/uploads\/2025\/11\/Mare-Banner-Web-04.jpg\" alt=\"\" title=\"Mare-Banner-Web-04\"><\/noscript><\/sr7-bg>\n\t\t\t\t\t\t<\/sr7-slide>\n\t\t\t\t\t\t<sr7-slide id=\"SR7_3_1-33\" data-key=\"33\">\n\t\t\t\t\t\t\t<sr7-bg id=\"SR7_3_1-33-1\" class=\"sr7-layer\"><noscript><img decoding=\"async\" src=\"https:\/\/marecusco.com\/wp-content\/uploads\/2025\/11\/Mare-Banner-Web-05.jpg\" alt=\"\" title=\"Mare-Banner-Web-05\"><\/noscript><\/sr7-bg>\n\t\t\t\t\t\t<\/sr7-slide>\n\t\t\t\t\t\t<sr7-slide id=\"SR7_3_1-17\" data-key=\"17\">\n\t\t\t\t\t\t<\/sr7-slide>\n\t\t\t\t\t<\/sr7-content>\n\t\t\t\t\t<image_lists style=\"display:none\">\n\t\t\t\t\t\t<img data-src=\"\/\/marecusco.com\/wp-content\/uploads\/2025\/10\/Mare-Banner-Web-01.jpg\" data-libid=\"6179\" data-lib=\"medialibrary\" title=\"Mare-Banner-Web-01\" width=\"0\" height=\"0\" data-dbsrc=\"Ly9tYXJlY3VzY28uY29tL3dwLWNvbnRlbnQvdXBsb2Fkcy8yMDI1LzEwL01hcmUtQmFubmVyLVdlYi0wMS5qcGc=\"\/>\n\t\t\t\t\t\t<img data-src=\"\/\/marecusco.com\/wp-content\/uploads\/2025\/10\/Mare-Banner-Web-02.jpg\" data-libid=\"6180\" data-lib=\"medialibrary\" title=\"Mare-Banner-Web-02\" width=\"0\" height=\"0\" data-dbsrc=\"Ly9tYXJlY3VzY28uY29tL3dwLWNvbnRlbnQvdXBsb2Fkcy8yMDI1LzEwL01hcmUtQmFubmVyLVdlYi0wMi5qcGc=\"\/>\n\t\t\t\t\t\t<img data-src=\"\/\/marecusco.com\/wp-content\/uploads\/2025\/11\/Mare-Banner-Web-04.jpg\" data-libid=\"6568\" data-lib=\"medialibrary\" title=\"Mare-Banner-Web-04\" width=\"0\" height=\"0\" data-dbsrc=\"Ly9tYXJlY3VzY28uY29tL3dwLWNvbnRlbnQvdXBsb2Fkcy8yMDI1LzExL01hcmUtQmFubmVyLVdlYi0wNC5qcGc=\"\/>\n\t\t\t\t\t\t<img loading=\"lazy\" data-src=\"\/\/marecusco.com\/wp-content\/uploads\/2025\/11\/Mare-Banner-Web-05.jpg\" data-libid=\"6569\" data-lib=\"medialibrary\" title=\"Mare-Banner-Web-05\" width=\"0\" height=\"0\" data-dbsrc=\"Ly9tYXJlY3VzY28uY29tL3dwLWNvbnRlbnQvdXBsb2Fkcy8yMDI1LzExL01hcmUtQmFubmVyLVdlYi0wNS5qcGc=\"\/>\n\t\t\t\t\t<\/image_lists>\n\t\t\t\t<\/sr7-module>\n\t\t\t\t<script>\n\t\t\t\t\tSR7.PMH ??={}; SR7.PMH[\"SR7_3_1\"] = {cn:100,state:false,fn: function() { if (_tpt!==undefined && _tpt.prepareModuleHeight !== undefined) {  _tpt.prepareModuleHeight({id:\"SR7_3_1\",el:[870,870,768,960,720],type:'standard',shdw:'0',gh:[870,870,870,960,720],gw:[1920,1920,1920,600,300],vpt:['-100px&#039;,&#039;-100px&#039;,&#039;-100px&#039;,&#039;-100px&#039;,&#039;-100px'],size:{fullWidth:true, fullHeight:true},fho:',0px',mh:'0',onh:0,onw:0,bg:{color:'{\"type\":\"solid\",\"orig\":\"#fcfafa\",\"string\":\"rgba(252, 250, 250, 1)\"}'}});   SR7.PMH[\"SR7_3_1\"].state=true;} else if(SR7.PMH[\"SR7_3_1\"].cn-->0)\tsetTimeout( SR7.PMH[\"SR7_3_1\"].fn,19);}};SR7.PMH[\"SR7_3_1\" ].fn();\n\t\t\t\t<\/script>\n<\/div>\n\n\t\t\t\t\t\t<\/div>\n\t\t\t\t<\/div>\n\t\t\t\t<\/div>\n\t\t<div class=\"elementor-element elementor-element-03914d5 e-flex e-con-boxed parallax_section_no qode_elementor_container_no e-con e-parent\" data-id=\"03914d5\" data-element_type=\"container\" data-e-type=\"container\">\n\t\t\t\t\t<div class=\"e-con-inner\">\n\t\t<div class=\"elementor-element elementor-element-62b37f6 e-con-full e-flex parallax_section_no qode_elementor_container_no e-con e-child\" data-id=\"62b37f6\" data-element_type=\"container\" data-e-type=\"container\">\n\t\t\t\t<\/div>\n\t\t<div class=\"elementor-element elementor-element-56549a6 e-con-full e-flex parallax_section_no qode_elementor_container_no e-con e-child\" data-id=\"56549a6\" data-element_type=\"container\" data-e-type=\"container\">\n\t\t\t\t<div class=\"elementor-element elementor-element-5c1bd2b elementor-align-center elementor-widget elementor-widget-button\" data-id=\"5c1bd2b\" data-element_type=\"widget\" data-e-type=\"widget\" data-settings=\"{&quot;_animation&quot;:&quot;none&quot;}\" data-widget_type=\"button.default\">\n\t\t\t\t<div class=\"elementor-widget-container\">\n\t\t\t\t\t\t\t\t\t<div class=\"elementor-button-wrapper\">\n\t\t\t\t\t<a class=\"elementor-button elementor-button-link elementor-size-sm\" href=\"https:\/\/marecusco.com\/producto\/reserva-de-mesa\/\">\n\t\t\t\t\t\t<span class=\"elementor-button-content-wrapper\">\n\t\t\t\t\t\t<span class=\"elementor-button-icon\">\n\t\t\t\t<svg aria-hidden=\"true\" class=\"e-font-icon-svg e-far-calendar-alt\" viewBox=\"0 0 448 512\" xmlns=\"http:\/\/www.w3.org\/2000\/svg\"><path d=\"M148 288h-40c-6.6 0-12-5.4-12-12v-40c0-6.6 5.4-12 12-12h40c6.6 0 12 5.4 12 12v40c0 6.6-5.4 12-12 12zm108-12v-40c0-6.6-5.4-12-12-12h-40c-6.6 0-12 5.4-12 12v40c0 6.6 5.4 12 12 12h40c6.6 0 12-5.4 12-12zm96 0v-40c0-6.6-5.4-12-12-12h-40c-6.6 0-12 5.4-12 12v40c0 6.6 5.4 12 12 12h40c6.6 0 12-5.4 12-12zm-96 96v-40c0-6.6-5.4-12-12-12h-40c-6.6 0-12 5.4-12 12v40c0 6.6 5.4 12 12 12h40c6.6 0 12-5.4 12-12zm-96 0v-40c0-6.6-5.4-12-12-12h-40c-6.6 0-12 5.4-12 12v40c0 6.6 5.4 12 12 12h40c6.6 0 12-5.4 12-12zm192 0v-40c0-6.6-5.4-12-12-12h-40c-6.6 0-12 5.4-12 12v40c0 6.6 5.4 12 12 12h40c6.6 0 12-5.4 12-12zm96-260v352c0 26.5-21.5 48-48 48H48c-26.5 0-48-21.5-48-48V112c0-26.5 21.5-48 48-48h48V12c0-6.6 5.4-12 12-12h40c6.6 0 12 5.4 12 12v52h128V12c0-6.6 5.4-12 12-12h40c6.6 0 12 5.4 12 12v52h48c26.5 0 48 21.5 48 48zm-48 346V160H48v298c0 3.3 2.7 6 6 6h340c3.3 0 6-2.7 6-6z\"><\/path><\/svg>\t\t\t<\/span>\n\t\t\t\t\t\t\t\t\t<span class=\"elementor-button-text\">\u00a1Haz tu Reserva!<\/span>\n\t\t\t\t\t<\/span>\n\t\t\t\t\t<\/a>\n\t\t\t\t<\/div>\n\t\t\t\t\t\t\t\t<\/div>\n\t\t\t\t<\/div>\n\t\t\t\t<\/div>\n\t\t<div class=\"elementor-element elementor-element-c6095be e-con-full e-flex parallax_section_no qode_elementor_container_no e-con e-child\" data-id=\"c6095be\" data-element_type=\"container\" data-e-type=\"container\">\n\t\t\t\t<\/div>\n\t\t\t\t\t<\/div>\n\t\t\t\t<\/div>\n\t\t<div class=\"elementor-element elementor-element-db47682 e-grid e-con-full parallax_section_no qode_elementor_container_no e-con e-parent\" data-id=\"db47682\" data-element_type=\"container\" data-e-type=\"container\">\n\t\t\t\t<div class=\"elementor-element elementor-element-5a3d478 elementor-widget__width-inherit elementor-widget elementor-widget-image\" data-id=\"5a3d478\" data-element_type=\"widget\" data-e-type=\"widget\" data-settings=\"{&quot;_animation&quot;:&quot;none&quot;}\" data-widget_type=\"image.default\">\n\t\t\t\t<div class=\"elementor-widget-container\">\n\t\t\t\t\t\t\t\t\t\t\t\t\t\t\t<img loading=\"lazy\" decoding=\"async\" width=\"960\" height=\"767\" src=\"https:\/\/marecusco.com\/wp-content\/uploads\/2025\/10\/MareRestaurante-Home-22.jpg\" class=\"attachment-large size-large wp-image-5694\" alt=\"\" srcset=\"https:\/\/marecusco.com\/wp-content\/uploads\/2025\/10\/MareRestaurante-Home-22.jpg 960w, https:\/\/marecusco.com\/wp-content\/uploads\/2025\/10\/MareRestaurante-Home-22-300x240.jpg 300w, https:\/\/marecusco.com\/wp-content\/uploads\/2025\/10\/MareRestaurante-Home-22-768x614.jpg 768w, https:\/\/marecusco.com\/wp-content\/uploads\/2025\/10\/MareRestaurante-Home-22-700x559.jpg 700w, https:\/\/marecusco.com\/wp-content\/uploads\/2025\/10\/MareRestaurante-Home-22-600x479.jpg 600w\" sizes=\"(max-width: 960px) 100vw, 960px\" \/>\t\t\t\t\t\t\t\t\t\t\t\t\t\t\t<\/div>\n\t\t\t\t<\/div>\n\t\t\t\t<div class=\"elementor-element elementor-element-e9bc193 elementor-widget__width-inherit elementor-widget elementor-widget-text-editor\" data-id=\"e9bc193\" data-element_type=\"widget\" data-e-type=\"widget\" data-widget_type=\"text-editor.default\">\n\t\t\t\t<div class=\"elementor-widget-container\">\n\t\t\t\t\t\t\t\t\t<p>La tradici\u00f3n y modernidad se encuentran en cada plato. El mar, la monta\u00f1a y la selva dialogan con respeto, imaginaci\u00f3n y orgullo. Cada preparaci\u00f3n es una celebraci\u00f3n de lo que somos: diversos, profundos, peruanos.<\/p>\t\t\t\t\t\t\t\t<\/div>\n\t\t\t\t<\/div>\n\t\t\t\t<\/div>\n\t\t<div class=\"elementor-element elementor-element-1a6e6ef e-grid e-con-full parallax_section_no qode_elementor_container_no e-con e-parent\" data-id=\"1a6e6ef\" data-element_type=\"container\" data-e-type=\"container\" data-settings=\"{&quot;background_background&quot;:&quot;classic&quot;}\">\n\t\t\t\t<div class=\"elementor-element elementor-element-66d6028 elementor-widget__width-inherit elementor-widget elementor-widget-text-editor\" data-id=\"66d6028\" data-element_type=\"widget\" data-e-type=\"widget\" data-widget_type=\"text-editor.default\">\n\t\t\t\t<div class=\"elementor-widget-container\">\n\t\t\t\t\t\t\t\t\t<p>Estamos en flujo constante, como lo est\u00e1n la tierra y las mar. Buscamos redefinirnos en todo momento sin perder la identidad de nuestra cultura para brindarles experiencias \u00fanicas y duraderas donde los m\u00e1s importante es vivir y compartir.<\/p>\t\t\t\t\t\t\t\t<\/div>\n\t\t\t\t<\/div>\n\t\t\t\t<div class=\"elementor-element elementor-element-3beaa34 elementor-widget__width-inherit elementor-widget elementor-widget-image\" data-id=\"3beaa34\" data-element_type=\"widget\" data-e-type=\"widget\" data-settings=\"{&quot;_animation&quot;:&quot;none&quot;}\" data-widget_type=\"image.default\">\n\t\t\t\t<div class=\"elementor-widget-container\">\n\t\t\t\t\t\t\t\t\t\t\t\t\t\t\t<img loading=\"lazy\" decoding=\"async\" width=\"960\" height=\"767\" src=\"https:\/\/marecusco.com\/wp-content\/uploads\/2025\/11\/COLLAGE-MARE.jpg\" class=\"attachment-large size-large wp-image-6581\" alt=\"\" srcset=\"https:\/\/marecusco.com\/wp-content\/uploads\/2025\/11\/COLLAGE-MARE.jpg 960w, https:\/\/marecusco.com\/wp-content\/uploads\/2025\/11\/COLLAGE-MARE-300x240.jpg 300w, https:\/\/marecusco.com\/wp-content\/uploads\/2025\/11\/COLLAGE-MARE-768x614.jpg 768w, https:\/\/marecusco.com\/wp-content\/uploads\/2025\/11\/COLLAGE-MARE-700x559.jpg 700w, https:\/\/marecusco.com\/wp-content\/uploads\/2025\/11\/COLLAGE-MARE-600x479.jpg 600w\" sizes=\"(max-width: 960px) 100vw, 960px\" \/>\t\t\t\t\t\t\t\t\t\t\t\t\t\t\t<\/div>\n\t\t\t\t<\/div>\n\t\t\t\t<\/div>\n\t\t<div class=\"elementor-element elementor-element-34fd8b9 e-con-full e-flex parallax_section_no qode_elementor_container_no e-con e-parent\" data-id=\"34fd8b9\" data-element_type=\"container\" data-e-type=\"container\">\n\t\t<div class=\"elementor-element elementor-element-d6ebea4 e-con-full e-flex parallax_section_no qode_elementor_container_no e-con e-child\" data-id=\"d6ebea4\" data-element_type=\"container\" data-e-type=\"container\" data-settings=\"{&quot;background_background&quot;:&quot;classic&quot;}\">\n\t\t\t\t<\/div>\n\t\t\t\t<\/div>\n\t\t\t\t<\/div>\n\t\t","protected":false},"excerpt":{"rendered":"<p>\u00a1Haz tu Reserva! La tradici\u00f3n y modernidad se encuentran en cada plato. El mar, la monta\u00f1a y la selva dialogan con respeto, imaginaci\u00f3n y orgullo. Cada preparaci\u00f3n es una celebraci\u00f3n de lo que somos: diversos, profundos, peruanos. Estamos en flujo constante, como lo est\u00e1n la tierra y las mar. Buscamos redefinirnos en todo momento sin perder la identidad de nuestra cultura para brindarles experiencias \u00fanicas&#8230;<\/p>","protected":false},"author":1,"featured_media":0,"parent":0,"menu_order":0,"comment_status":"closed","ping_status":"closed","template":"full_width.php","meta":{"inline_featured_image":false,"footnotes":""},"class_list":["post-5668","page","type-page","status-publish","hentry"],"aioseo_notices":[],"_links":{"self":[{"href":"https:\/\/marecusco.com\/en\/wp-json\/wp\/v2\/pages\/5668","targetHints":{"allow":["GET"]}}],"collection":[{"href":"https:\/\/marecusco.com\/en\/wp-json\/wp\/v2\/pages"}],"about":[{"href":"https:\/\/marecusco.com\/en\/wp-json\/wp\/v2\/types\/page"}],"author":[{"embeddable":true,"href":"https:\/\/marecusco.com\/en\/wp-json\/wp\/v2\/users\/1"}],"replies":[{"embeddable":true,"href":"https:\/\/marecusco.com\/en\/wp-json\/wp\/v2\/comments?post=5668"}],"version-history":[{"count":503,"href":"https:\/\/marecusco.com\/en\/wp-json\/wp\/v2\/pages\/5668\/revisions"}],"predecessor-version":[{"id":7192,"href":"https:\/\/marecusco.com\/en\/wp-json\/wp\/v2\/pages\/5668\/revisions\/7192"}],"wp:attachment":[{"href":"https:\/\/marecusco.com\/en\/wp-json\/wp\/v2\/media?parent=5668"}],"curies":[{"name":"wp","href":"https:\/\/api.w.org\/{rel}","templated":true}]}}