{"id":2986,"date":"2023-10-17T07:59:52","date_gmt":"2023-10-17T07:59:52","guid":{"rendered":"https:\/\/bridge496.qodeinteractive.com\/?page_id=2986"},"modified":"2026-03-11T17:25:07","modified_gmt":"2026-03-11T22:25:07","slug":"nosotros","status":"publish","type":"page","link":"https:\/\/marecusco.com\/en\/nosotros\/","title":{"rendered":"About Us"},"content":{"rendered":"<div data-elementor-type=\"wp-page\" data-elementor-id=\"2986\" class=\"elementor elementor-2986\">\n\t\t\t\t<div class=\"elementor-element elementor-element-7167180c e-con-full qode_elementor_container_inner e-flex parallax_section_no e-con e-parent\" data-id=\"7167180c\" data-element_type=\"container\" data-e-type=\"container\">\n\t\t<div class=\"elementor-element elementor-element-56ea466e e-con-full e-flex parallax_section_no qode_elementor_container_no e-con e-child\" data-id=\"56ea466e\" data-element_type=\"container\" data-e-type=\"container\">\n\t\t\t\t<div class=\"elementor-element elementor-element-241b8de3 elementor-widget elementor-widget-bridge_image_with_text\" data-id=\"241b8de3\" data-element_type=\"widget\" data-e-type=\"widget\" data-settings=\"{&quot;_animation&quot;:&quot;none&quot;}\" data-widget_type=\"bridge_image_with_text.default\">\n\t\t\t\t<div class=\"elementor-widget-container\">\n\t\t\t\t\t<div class=\"image_with_text\"><img decoding=\"async\" itemprop=\"image\" src=\"https:\/\/marecusco.com\/wp-content\/uploads\/2025\/10\/MARE-NOSOTROS-HISTORIA-01.jpg\" alt=\"\" \/><h3  class=\"image_with_text_title\"><\/h3><span style=\"margin: 6px 0px;\" class=\"separator transparent\"><\/span><\/div>\t\t\t\t<\/div>\n\t\t\t\t<\/div>\n\t\t\t\t<\/div>\n\t\t<div class=\"elementor-element elementor-element-4e7874f9 e-con-full e-flex parallax_section_no qode_elementor_container_no e-con e-child\" data-id=\"4e7874f9\" data-element_type=\"container\" data-e-type=\"container\">\n\t\t\t\t<div class=\"elementor-element elementor-element-5e40cf6 elementor-widget elementor-widget-bridge_custom_font\" data-id=\"5e40cf6\" data-element_type=\"widget\" data-e-type=\"widget\" data-widget_type=\"bridge_custom_font.default\">\n\t\t\t\t<div class=\"elementor-widget-container\">\n\t\t\t\t\t<div class=\"custom_font_holder\" style=\"font-family: Saphira Demo; font-style: normal; font-weight: 300; color: #000000; text-decoration: none; text-align: center; --qode-cf-font-size: 18px; --qode-cf-line-height: 28px; --qode-cf-font-size-1440: 18px; --qode-cf-line-height-1440: 28px; --qode-cf-font-size-1366: 18px; --qode-cf-line-height-1366: 28px; --qode-cf-font-size-1280: 18px; --qode-cf-line-height-1280: 28px; --qode-cf-font-size-1024: 18px; --qode-cf-line-height-1024: 28px; --qode-cf-font-size-768: 18px; --qode-cf-line-height-768: 28px; --qode-cf-font-size-680: 18px; --qode-cf-line-height-680: 28px; --qode-cf-font-size-480: 18px; --qode-cf-line-height-480: 28px;\">Our History\n<\/div>\t\t\t\t<\/div>\n\t\t\t\t<\/div>\n\t\t\t\t<div class=\"elementor-element elementor-element-5575709 elementor-widget elementor-widget-image\" data-id=\"5575709\" data-element_type=\"widget\" data-e-type=\"widget\" data-widget_type=\"image.default\">\n\t\t\t\t<div class=\"elementor-widget-container\">\n\t\t\t\t\t\t\t\t\t\t\t\t\t\t\t<img decoding=\"async\" width=\"300\" height=\"110\" src=\"https:\/\/marecusco.com\/wp-content\/uploads\/2025\/10\/LOGO-MAIL-MARE.png\" class=\"attachment-large size-large wp-image-5520\" alt=\"\" \/>\t\t\t\t\t\t\t\t\t\t\t\t\t\t\t<\/div>\n\t\t\t\t<\/div>\n\t\t\t\t<div class=\"elementor-element elementor-element-b32f06d elementor-widget-tablet__width-initial elementor-widget elementor-widget-text-editor\" data-id=\"b32f06d\" data-element_type=\"widget\" data-e-type=\"widget\" data-widget_type=\"text-editor.default\">\n\t\t\t\t<div class=\"elementor-widget-container\">\n\t\t\t\t\t\t\t\t\t<p>MARE opened its doors in March 2024 with a concept that unites the flavors of the sea with the richness of the Andes. Inspired by the diversity of Peru and the desire to offer a fresh and authentic experience, we began by paying homage to coastal and Andean cuisine.<\/p>\t\t\t\t\t\t\t\t<\/div>\n\t\t\t\t<\/div>\n\t\t\t\t<div class=\"elementor-element elementor-element-41139da elementor-widget-tablet__width-initial elementor-widget elementor-widget-text-editor\" data-id=\"41139da\" data-element_type=\"widget\" data-e-type=\"widget\" data-widget_type=\"text-editor.default\">\n\t\t\t\t<div class=\"elementor-widget-container\">\n\t\t\t\t\t\t\t\t\t<p>Over time, and in a constant pursuit of evolution, our culinary offering expanded into new territories: we incorporated ingredients from the jungle, contemporary techniques, and a freer, more creative approach. Thus was born a signature cuisine with its own identity, honoring our roots while exploring new possibilities.<\/p>\t\t\t\t\t\t\t\t<\/div>\n\t\t\t\t<\/div>\n\t\t\t\t<div class=\"elementor-element elementor-element-d99a8e7 elementor-widget-tablet__width-initial elementor-widget elementor-widget-text-editor\" data-id=\"d99a8e7\" data-element_type=\"widget\" data-e-type=\"widget\" data-widget_type=\"text-editor.default\">\n\t\t\t\t<div class=\"elementor-widget-container\">\n\t\t\t\t\t\t\t\t\t<p>Today, MARE is a place where tradition and modernity meet in every dish. The sea, the mountains, and the jungle converse with respect, imagination, and pride. Each dish is a celebration of who we are: diverse, profound, Peruvian.<\/p>\t\t\t\t\t\t\t\t<\/div>\n\t\t\t\t<\/div>\n\t\t\t\t<\/div>\n\t\t<div class=\"elementor-element elementor-element-3d19eb4f e-con-full e-flex parallax_section_no qode_elementor_container_no e-con e-child\" data-id=\"3d19eb4f\" data-element_type=\"container\" data-e-type=\"container\">\n\t\t\t\t<div class=\"elementor-element elementor-element-5de8aed9 elementor-widget elementor-widget-bridge_image_with_text\" data-id=\"5de8aed9\" data-element_type=\"widget\" data-e-type=\"widget\" data-settings=\"{&quot;_animation&quot;:&quot;none&quot;}\" data-widget_type=\"bridge_image_with_text.default\">\n\t\t\t\t<div class=\"elementor-widget-container\">\n\t\t\t\t\t<div class=\"image_with_text\"><img decoding=\"async\" itemprop=\"image\" src=\"https:\/\/marecusco.com\/wp-content\/uploads\/2025\/10\/MARE-NOSOTROS-HISTORIA-02.jpg\" alt=\"\" \/><h3  class=\"image_with_text_title\"><\/h3><span style=\"margin: 6px 0px;\" class=\"separator transparent\"><\/span><\/div>\t\t\t\t<\/div>\n\t\t\t\t<\/div>\n\t\t\t\t<\/div>\n\t\t\t\t<\/div>\n\t\t<div class=\"elementor-element elementor-element-420a2cb e-con-full parallax_section_holder e-flex qode_elementor_container_no e-con e-parent\" data-id=\"420a2cb\" data-element_type=\"container\" data-e-type=\"container\" data-settings=\"{&quot;qode_parallax_image&quot;:{&quot;url&quot;:&quot;&quot;,&quot;id&quot;:&quot;&quot;,&quot;size&quot;:&quot;&quot;,&quot;alt&quot;:&quot;&quot;,&quot;source&quot;:&quot;library&quot;}}\">\n\t\t<div class=\"elementor-element elementor-element-afffa04 e-con-full e-flex parallax_section_no qode_elementor_container_no e-con e-child\" data-id=\"afffa04\" data-element_type=\"container\" data-e-type=\"container\">\n\t\t\t\t<\/div>\n\t\t\t\t<\/div>\n\t\t<div class=\"elementor-element elementor-element-18bc4b7 e-flex e-con-boxed parallax_section_no qode_elementor_container_no e-con e-parent\" data-id=\"18bc4b7\" data-element_type=\"container\" data-e-type=\"container\">\n\t\t\t\t\t<div class=\"e-con-inner\">\n\t\t<div class=\"elementor-element elementor-element-158ee6e e-con-full e-flex parallax_section_no qode_elementor_container_no e-con e-child\" data-id=\"158ee6e\" data-element_type=\"container\" data-e-type=\"container\">\n\t\t\t\t<div class=\"elementor-element elementor-element-190a2d9 elementor-widget elementor-widget-image\" data-id=\"190a2d9\" data-element_type=\"widget\" data-e-type=\"widget\" data-settings=\"{&quot;_animation&quot;:&quot;none&quot;}\" data-widget_type=\"image.default\">\n\t\t\t\t<div class=\"elementor-widget-container\">\n\t\t\t\t\t\t\t\t\t\t\t\t\t\t\t<img decoding=\"async\" width=\"200\" height=\"200\" src=\"https:\/\/marecusco.com\/wp-content\/uploads\/2025\/10\/MARE-AUTENTICIDAD.png\" class=\"attachment-large size-large wp-image-6443\" alt=\"\" srcset=\"https:\/\/marecusco.com\/wp-content\/uploads\/2025\/10\/MARE-AUTENTICIDAD.png 200w, https:\/\/marecusco.com\/wp-content\/uploads\/2025\/10\/MARE-AUTENTICIDAD-150x150.png 150w, https:\/\/marecusco.com\/wp-content\/uploads\/2025\/10\/MARE-AUTENTICIDAD-100x100.png 100w\" sizes=\"(max-width: 200px) 100vw, 200px\" \/>\t\t\t\t\t\t\t\t\t\t\t\t\t\t\t<\/div>\n\t\t\t\t<\/div>\n\t\t\t\t<div class=\"elementor-element elementor-element-2e6aec7 elementor-widget elementor-widget-heading\" data-id=\"2e6aec7\" data-element_type=\"widget\" data-e-type=\"widget\" data-widget_type=\"heading.default\">\n\t\t\t\t<div class=\"elementor-widget-container\">\n\t\t\t\t\t<h4 class=\"elementor-heading-title elementor-size-default\">AUTHENTICITY<\/h4>\t\t\t\t<\/div>\n\t\t\t\t<\/div>\n\t\t\t\t<div class=\"elementor-element elementor-element-a48721e elementor-widget elementor-widget-text-editor\" data-id=\"a48721e\" data-element_type=\"widget\" data-e-type=\"widget\" data-widget_type=\"text-editor.default\">\n\t\t\t\t<div class=\"elementor-widget-container\">\n\t\t\t\t\t\t\t\t\t<p>We strive for perfection in every detail: from the selection of ingredients to the service and presentation.<\/p>\t\t\t\t\t\t\t\t<\/div>\n\t\t\t\t<\/div>\n\t\t\t\t<\/div>\n\t\t<div class=\"elementor-element elementor-element-7592def e-con-full e-flex parallax_section_no qode_elementor_container_no e-con e-child\" data-id=\"7592def\" data-element_type=\"container\" data-e-type=\"container\">\n\t\t\t\t<div class=\"elementor-element elementor-element-aed19a2 elementor-widget elementor-widget-image\" data-id=\"aed19a2\" data-element_type=\"widget\" data-e-type=\"widget\" data-settings=\"{&quot;_animation&quot;:&quot;none&quot;}\" data-widget_type=\"image.default\">\n\t\t\t\t<div class=\"elementor-widget-container\">\n\t\t\t\t\t\t\t\t\t\t\t\t\t\t\t<img decoding=\"async\" width=\"200\" height=\"200\" src=\"https:\/\/marecusco.com\/wp-content\/uploads\/2025\/10\/MARE-EXCELENCIA.png\" class=\"attachment-large size-large wp-image-6447\" alt=\"\" srcset=\"https:\/\/marecusco.com\/wp-content\/uploads\/2025\/10\/MARE-EXCELENCIA.png 200w, https:\/\/marecusco.com\/wp-content\/uploads\/2025\/10\/MARE-EXCELENCIA-150x150.png 150w, https:\/\/marecusco.com\/wp-content\/uploads\/2025\/10\/MARE-EXCELENCIA-100x100.png 100w\" sizes=\"(max-width: 200px) 100vw, 200px\" \/>\t\t\t\t\t\t\t\t\t\t\t\t\t\t\t<\/div>\n\t\t\t\t<\/div>\n\t\t\t\t<div class=\"elementor-element elementor-element-74fe169 elementor-widget elementor-widget-heading\" data-id=\"74fe169\" data-element_type=\"widget\" data-e-type=\"widget\" data-widget_type=\"heading.default\">\n\t\t\t\t<div class=\"elementor-widget-container\">\n\t\t\t\t\t<h4 class=\"elementor-heading-title elementor-size-default\">EXCELLENCE<\/h4>\t\t\t\t<\/div>\n\t\t\t\t<\/div>\n\t\t\t\t<div class=\"elementor-element elementor-element-03962a3 elementor-widget elementor-widget-text-editor\" data-id=\"03962a3\" data-element_type=\"widget\" data-e-type=\"widget\" data-widget_type=\"text-editor.default\">\n\t\t\t\t<div class=\"elementor-widget-container\">\n\t\t\t\t\t\t\t\t\t<p>We are constantly exploring new techniques, flavors, and ways to surprise our diners.<\/p>\t\t\t\t\t\t\t\t<\/div>\n\t\t\t\t<\/div>\n\t\t\t\t<\/div>\n\t\t<div class=\"elementor-element elementor-element-e24b970 e-con-full e-flex parallax_section_no qode_elementor_container_no e-con e-child\" data-id=\"e24b970\" data-element_type=\"container\" data-e-type=\"container\">\n\t\t\t\t<div class=\"elementor-element elementor-element-4bdc06d elementor-widget elementor-widget-image\" data-id=\"4bdc06d\" data-element_type=\"widget\" data-e-type=\"widget\" data-settings=\"{&quot;_animation&quot;:&quot;none&quot;}\" data-widget_type=\"image.default\">\n\t\t\t\t<div class=\"elementor-widget-container\">\n\t\t\t\t\t\t\t\t\t\t\t\t\t\t\t<img loading=\"lazy\" decoding=\"async\" width=\"200\" height=\"200\" src=\"https:\/\/marecusco.com\/wp-content\/uploads\/2025\/10\/MARE-INNOVACION.png\" class=\"attachment-large size-large wp-image-6451\" alt=\"\" srcset=\"https:\/\/marecusco.com\/wp-content\/uploads\/2025\/10\/MARE-INNOVACION.png 200w, https:\/\/marecusco.com\/wp-content\/uploads\/2025\/10\/MARE-INNOVACION-150x150.png 150w, https:\/\/marecusco.com\/wp-content\/uploads\/2025\/10\/MARE-INNOVACION-100x100.png 100w\" sizes=\"(max-width: 200px) 100vw, 200px\" \/>\t\t\t\t\t\t\t\t\t\t\t\t\t\t\t<\/div>\n\t\t\t\t<\/div>\n\t\t\t\t<div class=\"elementor-element elementor-element-afdaa41 elementor-widget elementor-widget-heading\" data-id=\"afdaa41\" data-element_type=\"widget\" data-e-type=\"widget\" data-widget_type=\"heading.default\">\n\t\t\t\t<div class=\"elementor-widget-container\">\n\t\t\t\t\t<h4 class=\"elementor-heading-title elementor-size-default\">INNOVATION<\/h4>\t\t\t\t<\/div>\n\t\t\t\t<\/div>\n\t\t\t\t<div class=\"elementor-element elementor-element-f4db274 elementor-widget elementor-widget-text-editor\" data-id=\"f4db274\" data-element_type=\"widget\" data-e-type=\"widget\" data-widget_type=\"text-editor.default\">\n\t\t\t\t<div class=\"elementor-widget-container\">\n\t\t\t\t\t\t\t\t\t<p>We respect our roots and traditions, transforming them into contemporary experiences without losing their essence.<\/p>\t\t\t\t\t\t\t\t<\/div>\n\t\t\t\t<\/div>\n\t\t\t\t<\/div>\n\t\t\t\t\t<\/div>\n\t\t\t\t<\/div>\n\t\t<div class=\"elementor-element elementor-element-7ea2ddb e-flex e-con-boxed parallax_section_no qode_elementor_container_no e-con e-parent\" data-id=\"7ea2ddb\" data-element_type=\"container\" data-e-type=\"container\">\n\t\t\t\t\t<div class=\"e-con-inner\">\n\t\t<div class=\"elementor-element elementor-element-648ab2f e-con-full e-flex parallax_section_no qode_elementor_container_no e-con e-child\" data-id=\"648ab2f\" data-element_type=\"container\" data-e-type=\"container\">\n\t\t\t\t<div class=\"elementor-element elementor-element-fc64f5c elementor-widget elementor-widget-image\" data-id=\"fc64f5c\" data-element_type=\"widget\" data-e-type=\"widget\" data-settings=\"{&quot;_animation&quot;:&quot;none&quot;}\" data-widget_type=\"image.default\">\n\t\t\t\t<div class=\"elementor-widget-container\">\n\t\t\t\t\t\t\t\t\t\t\t\t\t\t\t<img loading=\"lazy\" decoding=\"async\" width=\"200\" height=\"200\" src=\"https:\/\/marecusco.com\/wp-content\/uploads\/2025\/10\/MARE-PASION.png\" class=\"attachment-large size-large wp-image-6439\" alt=\"\" srcset=\"https:\/\/marecusco.com\/wp-content\/uploads\/2025\/10\/MARE-PASION.png 200w, https:\/\/marecusco.com\/wp-content\/uploads\/2025\/10\/MARE-PASION-150x150.png 150w, https:\/\/marecusco.com\/wp-content\/uploads\/2025\/10\/MARE-PASION-100x100.png 100w\" sizes=\"(max-width: 200px) 100vw, 200px\" \/>\t\t\t\t\t\t\t\t\t\t\t\t\t\t\t<\/div>\n\t\t\t\t<\/div>\n\t\t\t\t<div class=\"elementor-element elementor-element-f3ef9ad elementor-widget elementor-widget-heading\" data-id=\"f3ef9ad\" data-element_type=\"widget\" data-e-type=\"widget\" data-widget_type=\"heading.default\">\n\t\t\t\t<div class=\"elementor-widget-container\">\n\t\t\t\t\t<h4 class=\"elementor-heading-title elementor-size-default\">PASSION<\/h4>\t\t\t\t<\/div>\n\t\t\t\t<\/div>\n\t\t\t\t<div class=\"elementor-element elementor-element-b980256 elementor-widget elementor-widget-text-editor\" data-id=\"b980256\" data-element_type=\"widget\" data-e-type=\"widget\" data-widget_type=\"text-editor.default\">\n\t\t\t\t<div class=\"elementor-widget-container\">\n\t\t\t\t\t\t\t\t\t<p>We cook with pride and love for Peru, conveying our identity in every dish.<\/p>\t\t\t\t\t\t\t\t<\/div>\n\t\t\t\t<\/div>\n\t\t\t\t<\/div>\n\t\t<div class=\"elementor-element elementor-element-2846eac e-con-full e-flex parallax_section_no qode_elementor_container_no e-con e-child\" data-id=\"2846eac\" data-element_type=\"container\" data-e-type=\"container\">\n\t\t\t\t<div class=\"elementor-element elementor-element-86d0e17 elementor-widget elementor-widget-image\" data-id=\"86d0e17\" data-element_type=\"widget\" data-e-type=\"widget\" data-settings=\"{&quot;_animation&quot;:&quot;none&quot;}\" data-widget_type=\"image.default\">\n\t\t\t\t<div class=\"elementor-widget-container\">\n\t\t\t\t\t\t\t\t\t\t\t\t\t\t\t<img loading=\"lazy\" decoding=\"async\" width=\"200\" height=\"200\" src=\"https:\/\/marecusco.com\/wp-content\/uploads\/2025\/10\/MARE-SOSTENIBILIDAD.png\" class=\"attachment-large size-large wp-image-6438\" alt=\"\" srcset=\"https:\/\/marecusco.com\/wp-content\/uploads\/2025\/10\/MARE-SOSTENIBILIDAD.png 200w, https:\/\/marecusco.com\/wp-content\/uploads\/2025\/10\/MARE-SOSTENIBILIDAD-150x150.png 150w, https:\/\/marecusco.com\/wp-content\/uploads\/2025\/10\/MARE-SOSTENIBILIDAD-100x100.png 100w\" sizes=\"(max-width: 200px) 100vw, 200px\" \/>\t\t\t\t\t\t\t\t\t\t\t\t\t\t\t<\/div>\n\t\t\t\t<\/div>\n\t\t\t\t<div class=\"elementor-element elementor-element-3af940b elementor-widget elementor-widget-heading\" data-id=\"3af940b\" data-element_type=\"widget\" data-e-type=\"widget\" data-widget_type=\"heading.default\">\n\t\t\t\t<div class=\"elementor-widget-container\">\n\t\t\t\t\t<h4 class=\"elementor-heading-title elementor-size-default\">SUSTAINABILITY<\/h4>\t\t\t\t<\/div>\n\t\t\t\t<\/div>\n\t\t\t\t<div class=\"elementor-element elementor-element-5e095c5 elementor-widget elementor-widget-text-editor\" data-id=\"5e095c5\" data-element_type=\"widget\" data-e-type=\"widget\" data-widget_type=\"text-editor.default\">\n\t\t\t\t<div class=\"elementor-widget-container\">\n\t\t\t\t\t\t\t\t\t<p>We value local products,<br \/>We support small producers and promote environmentally responsible practices.<\/p>\t\t\t\t\t\t\t\t<\/div>\n\t\t\t\t<\/div>\n\t\t\t\t<\/div>\n\t\t<div class=\"elementor-element elementor-element-6d189a1 e-con-full e-flex parallax_section_no qode_elementor_container_no e-con e-child\" data-id=\"6d189a1\" data-element_type=\"container\" data-e-type=\"container\">\n\t\t\t\t<div class=\"elementor-element elementor-element-08b13dd elementor-widget elementor-widget-image\" data-id=\"08b13dd\" data-element_type=\"widget\" data-e-type=\"widget\" data-settings=\"{&quot;_animation&quot;:&quot;none&quot;}\" data-widget_type=\"image.default\">\n\t\t\t\t<div class=\"elementor-widget-container\">\n\t\t\t\t\t\t\t\t\t\t\t\t\t\t\t<img loading=\"lazy\" decoding=\"async\" width=\"200\" height=\"200\" src=\"https:\/\/marecusco.com\/wp-content\/uploads\/2025\/10\/MARE-HOSPITALIDAD.png\" class=\"attachment-large size-large wp-image-6434\" alt=\"\" srcset=\"https:\/\/marecusco.com\/wp-content\/uploads\/2025\/10\/MARE-HOSPITALIDAD.png 200w, https:\/\/marecusco.com\/wp-content\/uploads\/2025\/10\/MARE-HOSPITALIDAD-150x150.png 150w, https:\/\/marecusco.com\/wp-content\/uploads\/2025\/10\/MARE-HOSPITALIDAD-100x100.png 100w\" sizes=\"(max-width: 200px) 100vw, 200px\" \/>\t\t\t\t\t\t\t\t\t\t\t\t\t\t\t<\/div>\n\t\t\t\t<\/div>\n\t\t\t\t<div class=\"elementor-element elementor-element-a89cabb elementor-widget elementor-widget-heading\" data-id=\"a89cabb\" data-element_type=\"widget\" data-e-type=\"widget\" data-widget_type=\"heading.default\">\n\t\t\t\t<div class=\"elementor-widget-container\">\n\t\t\t\t\t<h4 class=\"elementor-heading-title elementor-size-default\">HOSPITALITY<\/h4>\t\t\t\t<\/div>\n\t\t\t\t<\/div>\n\t\t\t\t<div class=\"elementor-element elementor-element-0846dd4 elementor-widget elementor-widget-text-editor\" data-id=\"0846dd4\" data-element_type=\"widget\" data-e-type=\"widget\" data-widget_type=\"text-editor.default\">\n\t\t\t\t<div class=\"elementor-widget-container\">\n\t\t\t\t\t\t\t\t\t<p>More than a restaurant, we are a space for connection, warmth, and memorable experiences.<\/p>\t\t\t\t\t\t\t\t<\/div>\n\t\t\t\t<\/div>\n\t\t\t\t<\/div>\n\t\t\t\t\t<\/div>\n\t\t\t\t<\/div>\n\t\t\t\t<\/div>","protected":false},"excerpt":{"rendered":"<p>Nuestra Historia MARE abri\u00f3 sus puertas en marzo de 2024 con una propuesta que une los sabores del mar con la riqueza de los Andes. Inspirados en la diversidad del Per\u00fa y en el deseo de ofrecer una experiencia fresca y aut\u00e9ntica, comenzamos rindiendo homenaje a la cocina costera y andina. Con el tiempo, y en una constante b\u00fasqueda de evoluci\u00f3n, nuestra propuesta gastron\u00f3mica se&#8230;<\/p>","protected":false},"author":1,"featured_media":0,"parent":0,"menu_order":0,"comment_status":"closed","ping_status":"closed","template":"full_width.php","meta":{"inline_featured_image":false,"footnotes":""},"class_list":["post-2986","page","type-page","status-publish","hentry"],"aioseo_notices":[],"_links":{"self":[{"href":"https:\/\/marecusco.com\/en\/wp-json\/wp\/v2\/pages\/2986","targetHints":{"allow":["GET"]}}],"collection":[{"href":"https:\/\/marecusco.com\/en\/wp-json\/wp\/v2\/pages"}],"about":[{"href":"https:\/\/marecusco.com\/en\/wp-json\/wp\/v2\/types\/page"}],"author":[{"embeddable":true,"href":"https:\/\/marecusco.com\/en\/wp-json\/wp\/v2\/users\/1"}],"replies":[{"embeddable":true,"href":"https:\/\/marecusco.com\/en\/wp-json\/wp\/v2\/comments?post=2986"}],"version-history":[{"count":268,"href":"https:\/\/marecusco.com\/en\/wp-json\/wp\/v2\/pages\/2986\/revisions"}],"predecessor-version":[{"id":7195,"href":"https:\/\/marecusco.com\/en\/wp-json\/wp\/v2\/pages\/2986\/revisions\/7195"}],"wp:attachment":[{"href":"https:\/\/marecusco.com\/en\/wp-json\/wp\/v2\/media?parent=2986"}],"curies":[{"name":"wp","href":"https:\/\/api.w.org\/{rel}","templated":true}]}}